[{"id":14367,"date":"2022-08-29T09:25:10","date_gmt":"2022-08-29T14:25:10","guid":{"rendered":"https:\/\/stgjms.johnmooreservices.com\/?page_id=14367"},"modified":"2025-06-19T10:17:41","modified_gmt":"2025-06-19T15:17:41","slug":"00-inicio-con-widget-inline","status":"publish","type":"page","link":"https:\/\/stgjms.johnmooreservices.com\/es\/00-inicio-con-widget-inline\/","title":{"rendered":"00 Inicio con Widget Inline"},"content":{"rendered":"<div id=\"cs-content\" class=\"cs-content\"><\/div>\n","protected":false},"excerpt":{"rendered":"<p>Book A Service Sign Up To Save Want Financing? Stress Less, Invest in Peace of Mind With a John Moore Home Maintenance Plan. &quot;*&quot; indicates required fields This field is hidden when viewing the formBasic infoSelect a Membership Level Essential &#8230; <\/p>\n<div><a href=\"https:\/\/stgjms.johnmooreservices.com\/es\/00-inicio-con-widget-inline\/\" class=\"more-link\">Read More<\/a><\/div>\n","protected":false},"author":2,"featured_media":0,"parent":0,"menu_order":0,"comment_status":"closed","ping_status":"closed","template":"template-blank-8.php","meta":{"_acf_changed":false,"_relevanssi_hide_post":"","_relevanssi_hide_content":"","_relevanssi_pin_for_all":"","_relevanssi_pin_keywords":"","_relevanssi_unpin_keywords":"","_relevanssi_related_keywords":"","_relevanssi_related_include_ids":"","_relevanssi_related_exclude_ids":"","_relevanssi_related_no_append":"","_relevanssi_related_not_related":"","_relevanssi_related_posts":"","_relevanssi_noindex_reason":"","inline_featured_image":false,"footnotes":""},"class_list":["post-14367","page","type-page","status-publish","hentry","no-post-thumbnail"],"acf":[],"_links":{"self":[{"href":"https:\/\/stgjms.johnmooreservices.com\/es\/wp-json\/wp\/v2\/pages\/14367"}],"collection":[{"href":"https:\/\/stgjms.johnmooreservices.com\/es\/wp-json\/wp\/v2\/pages"}],"about":[{"href":"https:\/\/stgjms.johnmooreservices.com\/es\/wp-json\/wp\/v2\/types\/page"}],"author":[{"embeddable":true,"href":"https:\/\/stgjms.johnmooreservices.com\/es\/wp-json\/wp\/v2\/users\/2"}],"replies":[{"embeddable":true,"href":"https:\/\/stgjms.johnmooreservices.com\/es\/wp-json\/wp\/v2\/comments?post=14367"}],"version-history":[{"count":0,"href":"https:\/\/stgjms.johnmooreservices.com\/es\/wp-json\/wp\/v2\/pages\/14367\/revisions"}],"wp:attachment":[{"href":"https:\/\/stgjms.johnmooreservices.com\/es\/wp-json\/wp\/v2\/media?parent=14367"}],"curies":[{"name":"wp","href":"https:\/\/api.w.org\/{rel}","templated":true}]}},{"id":14396,"date":"2022-08-26T22:38:52","date_gmt":"2022-08-27T03:38:52","guid":{"rendered":"https:\/\/stgjms.johnmooreservices.com\/home-08292022\/"},"modified":"2025-06-19T11:46:59","modified_gmt":"2025-06-19T16:46:59","slug":"home-08292022","status":"publish","type":"page","link":"https:\/\/stgjms.johnmooreservices.com\/es\/","title":{"rendered":"Home 08292022"},"content":{"rendered":"<div id=\"cs-content\" class=\"cs-content\"><\/div>\n","protected":false},"excerpt":{"rendered":"<p>Servicios Afiliaci\u00f3n Financiaci\u00f3n Especiales AYUDA INMEDIATA 281-730-2525 Reservar Servicio Aqu\u00ed Calefacci\u00f3n y refrigeraci\u00f3n Cuidado del c\u00e9sped \/ Control de plagas El\u00e9ctrica Plomer\u00eda Seleccione un problema Seleccione el problema espec\u00edfico Seleccionar opciones de edad \u00bfLe hemos servido en el pasado? * &#8230; <\/p>\n<div><a href=\"https:\/\/stgjms.johnmooreservices.com\/es\/\" class=\"more-link\">Read More<\/a><\/div>\n","protected":false},"author":2,"featured_media":0,"parent":0,"menu_order":0,"comment_status":"closed","ping_status":"closed","template":"template-blank-4.php","meta":{"_acf_changed":false,"_relevanssi_hide_post":"","_relevanssi_hide_content":"","_relevanssi_pin_for_all":"","_relevanssi_pin_keywords":"","_relevanssi_unpin_keywords":"","_relevanssi_related_keywords":"","_relevanssi_related_include_ids":"","_relevanssi_related_exclude_ids":"","_relevanssi_related_no_append":"","_relevanssi_related_not_related":"","_relevanssi_related_posts":"","_relevanssi_noindex_reason":"","inline_featured_image":false,"footnotes":""},"class_list":["post-14396","page","type-page","status-publish","hentry","no-post-thumbnail"],"acf":[],"_links":{"self":[{"href":"https:\/\/stgjms.johnmooreservices.com\/es\/wp-json\/wp\/v2\/pages\/14396"}],"collection":[{"href":"https:\/\/stgjms.johnmooreservices.com\/es\/wp-json\/wp\/v2\/pages"}],"about":[{"href":"https:\/\/stgjms.johnmooreservices.com\/es\/wp-json\/wp\/v2\/types\/page"}],"author":[{"embeddable":true,"href":"https:\/\/stgjms.johnmooreservices.com\/es\/wp-json\/wp\/v2\/users\/2"}],"replies":[{"embeddable":true,"href":"https:\/\/stgjms.johnmooreservices.com\/es\/wp-json\/wp\/v2\/comments?post=14396"}],"version-history":[{"count":0,"href":"https:\/\/stgjms.johnmooreservices.com\/es\/wp-json\/wp\/v2\/pages\/14396\/revisions"}],"wp:attachment":[{"href":"https:\/\/stgjms.johnmooreservices.com\/es\/wp-json\/wp\/v2\/media?parent=14396"}],"curies":[{"name":"wp","href":"https:\/\/api.w.org\/{rel}","templated":true}]}},{"id":14369,"date":"2016-04-17T14:28:24","date_gmt":"2016-04-17T19:28:24","guid":{"rendered":"https:\/\/stgjms.johnmooreservices.com\/acerca-de\/"},"modified":"2025-05-29T10:17:42","modified_gmt":"2025-05-29T15:17:42","slug":"acerca-de","status":"publish","type":"page","link":"https:\/\/stgjms.johnmooreservices.com\/es\/acerca-de\/","title":{"rendered":"Acerca de"},"content":{"rendered":"<div id=\"cs-content\" class=\"cs-content\"><\/div>\n","protected":false},"excerpt":{"rendered":"<p>Acerca de nuestra empresaCall John. Get Moore.Los clientes nos conocen mejor por la tranquilidad que hemos proporcionado a los hogares durante los \u00faltimos 50 a\u00f1os. Lo que empez\u00f3 con la fontaner\u00eda ha crecido hasta convertirse en un paquete de servicios &#8230; <\/p>\n<div><a href=\"https:\/\/stgjms.johnmooreservices.com\/es\/acerca-de\/\" class=\"more-link\">Read More<\/a><\/div>\n","protected":false},"author":1,"featured_media":14060,"parent":0,"menu_order":0,"comment_status":"open","ping_status":"open","template":"template-blank-4.php","meta":{"_acf_changed":false,"_relevanssi_hide_post":"","_relevanssi_hide_content":"","_relevanssi_pin_for_all":"","_relevanssi_pin_keywords":"","_relevanssi_unpin_keywords":"","_relevanssi_related_keywords":"","_relevanssi_related_include_ids":"","_relevanssi_related_exclude_ids":"","_relevanssi_related_no_append":"","_relevanssi_related_not_related":"","_relevanssi_related_posts":"","_relevanssi_noindex_reason":"","inline_featured_image":false,"footnotes":""},"class_list":["post-14369","page","type-page","status-publish","has-post-thumbnail","hentry"],"acf":[],"_links":{"self":[{"href":"https:\/\/stgjms.johnmooreservices.com\/es\/wp-json\/wp\/v2\/pages\/14369"}],"collection":[{"href":"https:\/\/stgjms.johnmooreservices.com\/es\/wp-json\/wp\/v2\/pages"}],"about":[{"href":"https:\/\/stgjms.johnmooreservices.com\/es\/wp-json\/wp\/v2\/types\/page"}],"author":[{"embeddable":true,"href":"https:\/\/stgjms.johnmooreservices.com\/es\/wp-json\/wp\/v2\/users\/1"}],"replies":[{"embeddable":true,"href":"https:\/\/stgjms.johnmooreservices.com\/es\/wp-json\/wp\/v2\/comments?post=14369"}],"version-history":[{"count":0,"href":"https:\/\/stgjms.johnmooreservices.com\/es\/wp-json\/wp\/v2\/pages\/14369\/revisions"}],"wp:featuredmedia":[{"embeddable":true,"href":"https:\/\/stgjms.johnmooreservices.com\/es\/wp-json\/wp\/v2\/media\/14060"}],"wp:attachment":[{"href":"https:\/\/stgjms.johnmooreservices.com\/es\/wp-json\/wp\/v2\/media?parent=14369"}],"curies":[{"name":"wp","href":"https:\/\/api.w.org\/{rel}","templated":true}]}}]